{"id":227,"date":"2020-08-09T16:55:31","date_gmt":"2020-08-09T16:55:31","guid":{"rendered":"https:\/\/www1.bunter-mariposa.com\/?page_id=220"},"modified":"2020-10-08T12:26:16","modified_gmt":"2020-10-08T12:26:16","slug":"umwelt-umwelt-und-andere-menschen","status":"publish","type":"page","link":"https:\/\/www1.bunter-mariposa.com\/?page_id=227","title":{"rendered":"Umwelt und andere Menschen"},"content":{"rendered":"\n<p>Zun\u00e4chst m\u00f6chte ich im Voraus klarstellen, dass ich keine politischen Ambitionen habe und dass ich keiner Partei wohlwollend gegen\u00fcberstehe. Aber ich sympathisiere mit allen, die unsere Umwelt als Priorit\u00e4t betrachten. Ich denke, es ist meine Pflicht &#8211; als Mensch -, die Welt besser zu verlassen, als wir sie gefunden haben. Das egoistische Streben nach Macht und Reichtum unabh\u00e4ngig von anderen und der Umwelt muss ein Ende haben. Ungerechtigkeit bei der Verteilung von Ressourcen wie Wasser, Nahrungsmittel und Medizin muss JETZT ein Ende haben. Vielleicht bin ich naiv und sogar ein wenig albern, ich will nicht die Welt ver\u00e4ndern, ich wei\u00df genau, dass ich es nicht alleine schaffen kann, aber ich kann das Bisschen \u00e4ndern, das mich ber\u00fchrt, jeder hat die Verantwortung, entsprechend seinen M\u00f6glichkeiten einen positiven Beitrag zu leisten. Nicht alles kann mit Geld gekauft werden, erinnern wir uns daran, dass wir nur eine Erde haben, und wenn wir sie weiter zerst\u00f6ren, werden wir alle daran zugrunde gehen, reich und arm gleicherma\u00dfen.<\/p>\n\n\n\n<p>Viele werden denken, dass ich einer dieser&#8220;Gutmenschen&#8220; bin, aber&#8230;. was ist die Alternative, wenn ich kein guter Mensch bin, dann bin ich schlecht, egoistisch und ignorant  und von denen gibt es schon genug, deshalb sind wir da, wo wir sind. F\u00fcr mich und meine Familie war es  also eine Entscheidung etwas Positives zu tun und eine Ver\u00e4nderung herbeizuf\u00fchren, egal wie klein sie ist.<\/p>\n\n\n\n<p>Hier eine kurze Zusammenfassung unserer ersten kleinen Schritte.<\/p>\n\n\n\n<ul class=\"wp-block-list\"><li>Wir konsumieren haupts\u00e4chlich regionale und saisonale Lebensmittel sowie lokale Produkte, um das Klima nicht durch den Transport weiter zu  belasten, wir versuchen, kleine Gesch\u00e4fte  zu unterst\u00fctzen.<\/li><li>Wir verwenden so wenig Plastik wie m\u00f6glich, wir tragen immer unsere Stofftaschen im Auto oder in meiner Tasche, um die Verschmutzung der Meere zu verringern.<\/li><li>Wir haben unseren Fleischverbrauch um mehr als 75 % reduziert, da der Wasserverbrauch in der Fleischproduktion gigantisch ist.<\/li><li>Wir haben unser Familienauto von Diesel auf Hybrid umgestellt.<\/li><li>Wir haben begonnen einen Bio Gem\u00fcsegarten zu bewirtschaften, um uns selbst mit frischen Lebensmitteln zu versorgen. Zus\u00e4tzlich verringert der Kompost unsere M\u00fcllproduktion und wir konnten wichtiges Wissen an unsere Kinder weitergeben um so auch die n\u00e4chste Generation positiv zu beeinflussen. <\/li><\/ul>\n\n\n\n<p>Ich w\u00fcrde mir w\u00fcnschen, dass m\u00f6glichst viele Menschen mein Weltbild teilen und auch einen positiven Einfluss herbeif\u00fchren m\u00f6chten.<\/p>\n\n\n\n<p>Glauben Sie mir, wenn jeder von uns nur ein bisschen in die richtige Richtung geht, w\u00fcrden wir eine riesige Ver\u00e4nderung  in Richtung einer besseren Zukunft erreichen.<\/p>\n","protected":false},"excerpt":{"rendered":"<p>Zun\u00e4chst m\u00f6chte ich im Voraus klarstellen, dass ich keine politischen Ambitionen habe und dass ich keiner Partei wohlwollend gegen\u00fcberstehe. Aber ich sympathisiere mit allen, die unsere Umwelt als Priorit\u00e4t betrachten. Ich denke, es ist meine Pflicht &#8211; als Mensch -, die Welt besser zu verlassen, als wir sie gefunden haben. Das egoistische Streben nach Macht &hellip; <\/p>\n<p class=\"link-more\"><a href=\"https:\/\/www1.bunter-mariposa.com\/?page_id=227\" class=\"more-link\"><span class=\"screen-reader-text\">\u201eUmwelt und andere Menschen\u201c <\/span>weiterlesen<\/a><\/p>\n","protected":false},"author":1,"featured_media":0,"parent":0,"menu_order":0,"comment_status":"closed","ping_status":"closed","template":"","meta":{"footnotes":""},"class_list":["post-227","page","type-page","status-publish","hentry"],"_links":{"self":[{"href":"https:\/\/www1.bunter-mariposa.com\/index.php?rest_route=\/wp\/v2\/pages\/227","targetHints":{"allow":["GET"]}}],"collection":[{"href":"https:\/\/www1.bunter-mariposa.com\/index.php?rest_route=\/wp\/v2\/pages"}],"about":[{"href":"https:\/\/www1.bunter-mariposa.com\/index.php?rest_route=\/wp\/v2\/types\/page"}],"author":[{"embeddable":true,"href":"https:\/\/www1.bunter-mariposa.com\/index.php?rest_route=\/wp\/v2\/users\/1"}],"replies":[{"embeddable":true,"href":"https:\/\/www1.bunter-mariposa.com\/index.php?rest_route=%2Fwp%2Fv2%2Fcomments&post=227"}],"version-history":[{"count":3,"href":"https:\/\/www1.bunter-mariposa.com\/index.php?rest_route=\/wp\/v2\/pages\/227\/revisions"}],"predecessor-version":[{"id":390,"href":"https:\/\/www1.bunter-mariposa.com\/index.php?rest_route=\/wp\/v2\/pages\/227\/revisions\/390"}],"wp:attachment":[{"href":"https:\/\/www1.bunter-mariposa.com\/index.php?rest_route=%2Fwp%2Fv2%2Fmedia&parent=227"}],"curies":[{"name":"wp","href":"https:\/\/api.w.org\/{rel}","templated":true}]}}