{"id":434,"date":"2026-03-03T10:37:08","date_gmt":"2026-03-03T10:37:08","guid":{"rendered":"https:\/\/www1.bunter-mariposa.com\/?page_id=434"},"modified":"2026-03-22T09:42:22","modified_gmt":"2026-03-22T09:42:22","slug":"literatura","status":"publish","type":"page","link":"https:\/\/www1.bunter-mariposa.com\/?page_id=434","title":{"rendered":"Literatura"},"content":{"rendered":"\n<p>En esta p\u00e1gina, encontrar\u00e1s mis obras literarias.<\/p>\n\n\n\n<figure class=\"wp-block-image size-large is-resized\"><img loading=\"lazy\" decoding=\"async\" width=\"1024\" height=\"798\" src=\"https:\/\/www1.bunter-mariposa.com\/wp-content\/uploads\/2026\/02\/De_cuentos_esta_lleno_el_aire-1024x798.jpg\" alt=\"\" class=\"wp-image-428\" style=\"aspect-ratio:1.2832366503049233;width:254px;height:auto\" srcset=\"https:\/\/www1.bunter-mariposa.com\/wp-content\/uploads\/2026\/02\/De_cuentos_esta_lleno_el_aire-1024x798.jpg 1024w, https:\/\/www1.bunter-mariposa.com\/wp-content\/uploads\/2026\/02\/De_cuentos_esta_lleno_el_aire-300x234.jpg 300w, https:\/\/www1.bunter-mariposa.com\/wp-content\/uploads\/2026\/02\/De_cuentos_esta_lleno_el_aire-768x599.jpg 768w, https:\/\/www1.bunter-mariposa.com\/wp-content\/uploads\/2026\/02\/De_cuentos_esta_lleno_el_aire.jpg 1152w\" sizes=\"auto, (max-width: 767px) 89vw, (max-width: 1000px) 54vw, (max-width: 1071px) 543px, 580px\" \/><\/figure>\n\n\n\n<p>En este libro de cuentos \u201cDe cuentos est\u00e1 lleno el aire\u201d encontrar\u00e1s mi primer cuento publicado \u201cBailando sobre la l\u00ednea de fuego\u201d (edici\u00f3n en espa\u00f1ol)<br>ISBN: 978-99964-1-083-3<br><a href=\"https:\/\/www.amazon.de\/cuentos-est%C3%A1-lleno-aire\/dp\/9996410838\/ref=sr_1_1?__mk_de_DE=%C3%85M%C3%85%C5%BD%C3%95%C3%91&amp;crid=3EJ0XD15JM4Q0&amp;dib=eyJ2IjoiMSJ9.PnZP-s9tjWN1aA5QUujDKQ.0P1Cal3KG8Ux4g4u9C3BOb37fi1eqF5eMNHF351IiSY&amp;dib_tag=se&amp;keywords=9789996410833&amp;qid=1770550136&amp;sprefix=9789996410833%2Caps%2C131&amp;sr=8-1\">Amazon<\/a>:<\/p>\n\n\n\n<figure class=\"wp-block-image size-large is-resized\"><img loading=\"lazy\" decoding=\"async\" width=\"644\" height=\"1024\" src=\"https:\/\/www1.bunter-mariposa.com\/wp-content\/uploads\/2026\/03\/image-644x1024.png\" alt=\"\" class=\"wp-image-459\" style=\"aspect-ratio:0.6289242542829812;width:138px;height:auto\" srcset=\"https:\/\/www1.bunter-mariposa.com\/wp-content\/uploads\/2026\/03\/image-644x1024.png 644w, https:\/\/www1.bunter-mariposa.com\/wp-content\/uploads\/2026\/03\/image-189x300.png 189w, https:\/\/www1.bunter-mariposa.com\/wp-content\/uploads\/2026\/03\/image-768x1222.png 768w, https:\/\/www1.bunter-mariposa.com\/wp-content\/uploads\/2026\/03\/image-965x1536.png 965w, https:\/\/www1.bunter-mariposa.com\/wp-content\/uploads\/2026\/03\/image.png 1147w\" sizes=\"auto, (max-width: 644px) 100vw, 644px\" \/><\/figure>\n\n\n\n<p>Mi primera novela &#8222;La mujer de mi hermano&#8220; (edici\u00f3n en espa\u00f1ol) publicada en 2025  (edici\u00f3n (laboratoridenovela)<br>Edici\u00f3n 1<br>ISBN: 607-6959-64-9 (tapa blande)<br><a href=\"https:\/\/www.domg8.at\/isbn\/607-6959-64-9\">Buchhandlung 777<\/a><\/p>\n\n\n\n<figure class=\"wp-block-image size-large is-resized\"><img loading=\"lazy\" decoding=\"async\" width=\"699\" height=\"1024\" src=\"https:\/\/www1.bunter-mariposa.com\/wp-content\/uploads\/2026\/02\/cover-39-699x1024.jpg\" alt=\"\" class=\"wp-image-429\" style=\"aspect-ratio:0.6829314630400709;width:134px;height:auto\" srcset=\"https:\/\/www1.bunter-mariposa.com\/wp-content\/uploads\/2026\/02\/cover-39-699x1024.jpg 699w, https:\/\/www1.bunter-mariposa.com\/wp-content\/uploads\/2026\/02\/cover-39-205x300.jpg 205w, https:\/\/www1.bunter-mariposa.com\/wp-content\/uploads\/2026\/02\/cover-39-768x1125.jpg 768w, https:\/\/www1.bunter-mariposa.com\/wp-content\/uploads\/2026\/02\/cover-39-1049x1536.jpg 1049w, https:\/\/www1.bunter-mariposa.com\/wp-content\/uploads\/2026\/02\/cover-39-1399x2048.jpg 1399w, https:\/\/www1.bunter-mariposa.com\/wp-content\/uploads\/2026\/02\/cover-39.jpg 1400w\" sizes=\"auto, (max-width: 699px) 100vw, 699px\" \/><\/figure>\n\n\n\n<p>Mi primera novela &#8222;La mujer de mi hermano&#8220; (edici\u00f3n en espa\u00f1ol) publicada en 2026 en autoedici\u00f3n (Draft2Digital.com)<br>Edici\u00f3n 2<br>ISBN: 978-3-9506090-0-4 (tapa blande)<br> 978-3-9506090-1-1 (libro electr\u00f3nico)<br><a href=\"https:\/\/books2read.com\/b\/bMjYo8\">UBL<\/a><a href=\"https:\/\/books2read.com\/u\/bMjYo8\"> <\/a><\/p>\n\n\n\n<p><a href=\"https:\/\/www.amazon.de\/mujer-mi-hermano-Spanish-ebook\/dp\/B0GSGX7ZFJ\/ref=sr_1_1?__mk_de_DE=%C3%85M%C3%85%C5%BD%C3%95%C3%91&amp;crid=26E8UR61OIRR&amp;dib=eyJ2IjoiMSJ9.19DkgBqec4nm65xS9hq83pxau-qHuQ9M5B09gAGLmmbGjHj071QN20LucGBJIEps.tRohiJXpPaQ7xLceNtEdiee34Zk4fueHmpx5pSE_rsQ&amp;dib_tag=se&amp;keywords=antonia+moser-garcia&amp;qid=1774172450&amp;s=digital-text&amp;sprefix=antonia+moser-garcia%2Cdigital-text%2C139&amp;sr=1-1\">Amazon Kindle<\/a><\/p>\n\n\n\n<figure class=\"wp-block-image size-large is-resized\"><img loading=\"lazy\" decoding=\"async\" width=\"699\" height=\"1024\" src=\"https:\/\/www1.bunter-mariposa.com\/wp-content\/uploads\/2026\/03\/cover-final-699x1024.jpg\" alt=\"\" class=\"wp-image-448\" style=\"aspect-ratio:0.6826180529180909;width:133px;height:auto\" srcset=\"https:\/\/www1.bunter-mariposa.com\/wp-content\/uploads\/2026\/03\/cover-final-699x1024.jpg 699w, https:\/\/www1.bunter-mariposa.com\/wp-content\/uploads\/2026\/03\/cover-final-205x300.jpg 205w, https:\/\/www1.bunter-mariposa.com\/wp-content\/uploads\/2026\/03\/cover-final-768x1125.jpg 768w, https:\/\/www1.bunter-mariposa.com\/wp-content\/uploads\/2026\/03\/cover-final-1049x1536.jpg 1049w, https:\/\/www1.bunter-mariposa.com\/wp-content\/uploads\/2026\/03\/cover-final-1399x2048.jpg 1399w, https:\/\/www1.bunter-mariposa.com\/wp-content\/uploads\/2026\/03\/cover-final.jpg 1400w\" sizes=\"auto, (max-width: 699px) 100vw, 699px\" \/><\/figure>\n\n\n\n<p>Mi relato corto &#8222;Bailando sobre la l\u00ednea de fuego&#8220; (edici\u00f3n en espa\u00f1ol) publicado como libro electr\u00f3nico, autoedici\u00f3n (Draft2Digital.com) <br>ISBN: 978-3-9506090-2-8 (libro electr\u00f3nico)<\/p>\n\n\n\n<p><a href=\"https:\/\/books2read.com\/b\/4DM6e7\">UBL<\/a><\/p>\n\n\n\n<p><\/p>\n","protected":false},"excerpt":{"rendered":"<p>En esta p\u00e1gina, encontrar\u00e1s mis obras literarias. En este libro de cuentos \u201cDe cuentos est\u00e1 lleno el aire\u201d encontrar\u00e1s mi primer cuento publicado \u201cBailando sobre la l\u00ednea de fuego\u201d (edici\u00f3n en espa\u00f1ol)ISBN: 978-99964-1-083-3Amazon: Mi primera novela &#8222;La mujer de mi hermano&#8220; (edici\u00f3n en espa\u00f1ol) publicada en 2025 (edici\u00f3n (laboratoridenovela)Edici\u00f3n 1ISBN: 607-6959-64-9 (tapa blande)Buchhandlung 777 Mi &hellip; <\/p>\n<p class=\"link-more\"><a href=\"https:\/\/www1.bunter-mariposa.com\/?page_id=434\" class=\"more-link\"><span class=\"screen-reader-text\">\u201eLiteratura\u201c <\/span>weiterlesen<\/a><\/p>\n","protected":false},"author":1,"featured_media":0,"parent":0,"menu_order":0,"comment_status":"closed","ping_status":"closed","template":"","meta":{"footnotes":""},"class_list":["post-434","page","type-page","status-publish","hentry"],"_links":{"self":[{"href":"https:\/\/www1.bunter-mariposa.com\/index.php?rest_route=\/wp\/v2\/pages\/434","targetHints":{"allow":["GET"]}}],"collection":[{"href":"https:\/\/www1.bunter-mariposa.com\/index.php?rest_route=\/wp\/v2\/pages"}],"about":[{"href":"https:\/\/www1.bunter-mariposa.com\/index.php?rest_route=\/wp\/v2\/types\/page"}],"author":[{"embeddable":true,"href":"https:\/\/www1.bunter-mariposa.com\/index.php?rest_route=\/wp\/v2\/users\/1"}],"replies":[{"embeddable":true,"href":"https:\/\/www1.bunter-mariposa.com\/index.php?rest_route=%2Fwp%2Fv2%2Fcomments&post=434"}],"version-history":[{"count":7,"href":"https:\/\/www1.bunter-mariposa.com\/index.php?rest_route=\/wp\/v2\/pages\/434\/revisions"}],"predecessor-version":[{"id":491,"href":"https:\/\/www1.bunter-mariposa.com\/index.php?rest_route=\/wp\/v2\/pages\/434\/revisions\/491"}],"wp:attachment":[{"href":"https:\/\/www1.bunter-mariposa.com\/index.php?rest_route=%2Fwp%2Fv2%2Fmedia&parent=434"}],"curies":[{"name":"wp","href":"https:\/\/api.w.org\/{rel}","templated":true}]}}