{"id":483,"date":"2026-03-15T09:34:47","date_gmt":"2026-03-15T09:34:47","guid":{"rendered":"https:\/\/www1.bunter-mariposa.com\/?page_id=483"},"modified":"2026-03-15T09:36:49","modified_gmt":"2026-03-15T09:36:49","slug":"acerca-de-mi","status":"publish","type":"page","link":"https:\/\/www1.bunter-mariposa.com\/?page_id=483","title":{"rendered":"Acerca de mi"},"content":{"rendered":"\n<figure class=\"wp-block-image size-full\"><img loading=\"lazy\" decoding=\"async\" width=\"262\" height=\"348\" src=\"https:\/\/www1.bunter-mariposa.com\/wp-content\/uploads\/2026\/03\/image-3.png\" alt=\"\" class=\"wp-image-475\" srcset=\"https:\/\/www1.bunter-mariposa.com\/wp-content\/uploads\/2026\/03\/image-3.png 262w, https:\/\/www1.bunter-mariposa.com\/wp-content\/uploads\/2026\/03\/image-3-226x300.png 226w\" sizes=\"auto, (max-width: 262px) 100vw, 262px\" \/><\/figure>\n\n\n\n<p class=\"has-very-dark-gray-color has-text-color\"><span class=\"has-inline-color has-very-dark-gray-color\">Hola! Yo me llamo  Antonia Moser-Garc\u00eda; <\/span><\/p>\n\n\n\n<p class=\"has-very-dark-gray-color has-text-color\"><span class=\"has-inline-color has-very-dark-gray-color\">Yo te saludo y te abrazo con el coraz\u00f3n. <\/span><\/p>\n\n\n\n<p>Soy una persona muy creativa. Dibujo, pinto, bailo, cocino (sobre todo postres) y me encanta escribir. \u00a1La artesan\u00eda es mi pasi\u00f3n!<\/p>\n\n\n\n<p>Soy austriaca \u2764\ufe0f con ra\u00edces ticino-nicas, es decir, nac\u00ed en Nicaragua \u2764\ufe0f y crec\u00ed en Costa Rica \u2764\ufe0f. Mi lengua materna es el espa\u00f1ol, \u00a1y tambi\u00e9n hablo ingl\u00e9s y alem\u00e1n!<\/p>\n\n\n\n<p>Llevo 18 a\u00f1os casada y vivo en Austria. Tengo dos hijos adorables, &#8222;lo mejor de mi vida&#8220;.<\/p>\n\n\n\n<p>Soy maestra florista, dise\u00f1adora floral, escritora y creadora de la marca de joyer\u00eda &#8222;Bunter Mariposa&#8220;.<\/p>\n\n\n\n<p>Bajo esta marca, creo y produzco joyer\u00eda ecol\u00f3gicamente sostenible que no solo es espectacular y \u00fanica, sino tambi\u00e9n hecha con amor y un gran sentido de la responsabilidad.<\/p>\n\n\n\n<p>Soy maestro florista, dise\u00f1ador floral, escritor y creador de la marca de joyer\u00eda &#8222;Bunter Mariposa&#8220;.<\/p>\n\n\n\n<p>Bajo esta marca, dise\u00f1o y produzco joyer\u00eda ecol\u00f3gica que no solo es espectacular y \u00fanica, sino tambi\u00e9n hecha con amor y sentido de la responsabilidad.<\/p>\n\n\n\n<p>Cada pieza est\u00e1 hecha a mano con cuidado y dedicaci\u00f3n, d\u00e1ndole una segunda vida a al menos dos c\u00e1psulas de caf\u00e9. Me esfuerzo por hacer lo mejor para ti, para tus hijos, para los m\u00edos y para nuestra Madre Tierra.<\/p>\n\n\n\n<p>El amor y la pasi\u00f3n que siento por mi trabajo se plasman en cada dise\u00f1o. Ya sean flores o joyas, cada ramo, tiara, collar o accesorio est\u00e1 hecho con amor y absoluta dedicaci\u00f3n, lo que los hace exquisitos, \u00fanicos y exclusivos.<\/p>\n\n\n\n<p><\/p>\n\n\n\n<p class=\"has-vivid-red-color has-text-color\"><\/p>\n\n\n\n<p class=\"has-text-align-center\">Visi\u00f3n sin tomar acci\u00f3n, es solo un sue\u00f1o.  Acci\u00f3n sin tener visi\u00f3n, es perder el tiempo. Visi\u00f3n con acci\u00f3n, puede cambiar el mundo!!!  &#8222;Joel Barker&#8220;<\/p>\n","protected":false},"excerpt":{"rendered":"<p>Hola! Yo me llamo Antonia Moser-Garc\u00eda; Yo te saludo y te abrazo con el coraz\u00f3n. Soy una persona muy creativa. Dibujo, pinto, bailo, cocino (sobre todo postres) y me encanta escribir. \u00a1La artesan\u00eda es mi pasi\u00f3n! Soy austriaca \u2764\ufe0f con ra\u00edces ticino-nicas, es decir, nac\u00ed en Nicaragua \u2764\ufe0f y crec\u00ed en Costa Rica \u2764\ufe0f. Mi &hellip; <\/p>\n<p class=\"link-more\"><a href=\"https:\/\/www1.bunter-mariposa.com\/?page_id=483\" class=\"more-link\"><span class=\"screen-reader-text\">\u201eAcerca de mi\u201c <\/span>weiterlesen<\/a><\/p>\n","protected":false},"author":1,"featured_media":0,"parent":0,"menu_order":0,"comment_status":"closed","ping_status":"closed","template":"","meta":{"footnotes":""},"class_list":["post-483","page","type-page","status-publish","hentry"],"_links":{"self":[{"href":"https:\/\/www1.bunter-mariposa.com\/index.php?rest_route=\/wp\/v2\/pages\/483","targetHints":{"allow":["GET"]}}],"collection":[{"href":"https:\/\/www1.bunter-mariposa.com\/index.php?rest_route=\/wp\/v2\/pages"}],"about":[{"href":"https:\/\/www1.bunter-mariposa.com\/index.php?rest_route=\/wp\/v2\/types\/page"}],"author":[{"embeddable":true,"href":"https:\/\/www1.bunter-mariposa.com\/index.php?rest_route=\/wp\/v2\/users\/1"}],"replies":[{"embeddable":true,"href":"https:\/\/www1.bunter-mariposa.com\/index.php?rest_route=%2Fwp%2Fv2%2Fcomments&post=483"}],"version-history":[{"count":3,"href":"https:\/\/www1.bunter-mariposa.com\/index.php?rest_route=\/wp\/v2\/pages\/483\/revisions"}],"predecessor-version":[{"id":487,"href":"https:\/\/www1.bunter-mariposa.com\/index.php?rest_route=\/wp\/v2\/pages\/483\/revisions\/487"}],"wp:attachment":[{"href":"https:\/\/www1.bunter-mariposa.com\/index.php?rest_route=%2Fwp%2Fv2%2Fmedia&parent=483"}],"curies":[{"name":"wp","href":"https:\/\/api.w.org\/{rel}","templated":true}]}}