{"id":79,"date":"2020-08-09T16:59:20","date_gmt":"2020-08-09T16:59:20","guid":{"rendered":"http:\/\/www1.bunter-mariposa.com\/?page_id=76"},"modified":"2020-10-12T11:47:12","modified_gmt":"2020-10-12T11:47:12","slug":"diseno-de-joyas","status":"publish","type":"page","link":"https:\/\/www1.bunter-mariposa.com\/?page_id=79","title":{"rendered":"Dise\u00f1o de joyas"},"content":{"rendered":"\n<p>Ac\u00e1 encontrar\u00e1s todo lo relacionado con el dise\u00f1o de mi bisuter\u00eda eco-sostenible. Tambi\u00e9n podr\u00e1s acceder a nuestro cat\u00e1logo, as\u00ed como a un poco de nuestra historia sobre como empez\u00f3 todo.<\/p>\n\n\n\n<p>Las m\u00e1uinas de caf\u00e9 Nespresso llegaron a revolucionar el mundo del caf\u00e9 hace unos 20 a\u00f1os, pero no fue hasta 2012 que comenc\u00e9 a sentir curiosidad por usar estas c\u00e1psulas para crear arte. No hace falta decir que, por razones ecol\u00f3gicas, no tengo ni tendr\u00e9 una m\u00e1quina Nespresso. Sin embargo, el mejor amigo de mi esposo ten\u00eda una y me mostr\u00f3 las c\u00e1psulas. <\/p>\n\n\n\n<p>Inmediatamente qued\u00e9 fascinada por el color y lo hermosas que eran. Comenc\u00e9 a preguntar qu\u00e9 pasaba con la c\u00e1psula una vez utilizada, y \u00e9l simplemente respondi\u00f3: \u00a1la tiramos a la basura! <\/p>\n\n\n\n<p>Honestamente, me olvid\u00e9 de las c\u00e1psulas hasta que lleg\u00f3 Navidad. Entonces recib\u00ed como regalo un libro para hacer accesorios y por coincidencias de la vida, el libro ten\u00eda una secci\u00f3n sobre joyas de c\u00e1psulas de caf\u00e9. Mis pensamientos volvieron r\u00e1pidamente a esa tarde en casa de nuestro amigo.<\/p>\n\n\n\n<p>Decid\u00ed llamar a nuestro amigo y le ped\u00ed amablemente el favor que me guaradara sus c\u00e1psulas de caf\u00e9 desechadas. Estaba decidida a experimentar con este material. Comenc\u00e9 a recrear los dise\u00f1os que ven\u00edan en el libro de accesorios, pero me decepcion\u00f3 porque los dise\u00f1os eran aburridos y no mostraban los hermosos colores ni las c\u00e1psulas en s\u00ed. Una noche de insomnio, comenc\u00e9 a jugar con la idea de crear dise\u00f1os m\u00e1s exclusivos y \u00fanicos. \u00bfDise\u00f1os para bodas, quiz\u00e1s? Al d\u00eda siguiente, compart\u00ed la idea con algunos amigos, solo para encontrarme con escepticismo e incredulidad.<\/p>\n\n\n\n<p>Lleg\u00f3 la noche de insomnio n\u00famero dos, \u00a1y finalmente me atrev\u00ed! Me qued\u00e9 despierta hasta las 2 am creando mi primera tiara. Al d\u00eda siguiente, estaba exhausta pero tambi\u00e9n incre\u00edblemente orgullosa y asombrada por los resultados.<\/p>\n\n\n\n<p>Desde entonces, no he parado. \u00a1Puedo decir que encontr\u00e9 mi pasi\u00f3n y me aferro a ella! estamos reutilizando materiales que de otro modo lo \u00fanico que har\u00eda ser\u00eda da\u00f1ar m\u00e1s  a nuestra Madre Tierra. Le dedico tiempo, paciencia y todo mi amor a cada una de mis piezas, y espero que lo vean reflejado en mi trabajo.<\/p>\n\n\n\n<p><strong>\u201cAtr\u00e9vete a vivir la vida que has so\u00f1ado para ti. Avanza y haz realidad tus sue\u00f1os \u201d\u2026\u2026 .. &#8222;Ralph Waldo Emerson&#8220;<\/strong><\/p>\n\n\n\n<p><\/p>\n\n\n\n<p><\/p>\n\n\n\n<p><\/p>\n\n\n\n<p><\/p>\n\n\n\n<p><\/p>\n\n\n\n<p><\/p>\n\n\n\n<p><\/p>\n","protected":false},"excerpt":{"rendered":"<p>Ac\u00e1 encontrar\u00e1s todo lo relacionado con el dise\u00f1o de mi bisuter\u00eda eco-sostenible. Tambi\u00e9n podr\u00e1s acceder a nuestro cat\u00e1logo, as\u00ed como a un poco de nuestra historia sobre como empez\u00f3 todo. Las m\u00e1uinas de caf\u00e9 Nespresso llegaron a revolucionar el mundo del caf\u00e9 hace unos 20 a\u00f1os, pero no fue hasta 2012 que comenc\u00e9 a sentir &hellip; <\/p>\n<p class=\"link-more\"><a href=\"https:\/\/www1.bunter-mariposa.com\/?page_id=79\" class=\"more-link\"><span class=\"screen-reader-text\">\u201eDise\u00f1o de joyas\u201c <\/span>weiterlesen<\/a><\/p>\n","protected":false},"author":1,"featured_media":0,"parent":0,"menu_order":1,"comment_status":"closed","ping_status":"closed","template":"","meta":{"footnotes":""},"class_list":["post-79","page","type-page","status-publish","hentry"],"_links":{"self":[{"href":"https:\/\/www1.bunter-mariposa.com\/index.php?rest_route=\/wp\/v2\/pages\/79","targetHints":{"allow":["GET"]}}],"collection":[{"href":"https:\/\/www1.bunter-mariposa.com\/index.php?rest_route=\/wp\/v2\/pages"}],"about":[{"href":"https:\/\/www1.bunter-mariposa.com\/index.php?rest_route=\/wp\/v2\/types\/page"}],"author":[{"embeddable":true,"href":"https:\/\/www1.bunter-mariposa.com\/index.php?rest_route=\/wp\/v2\/users\/1"}],"replies":[{"embeddable":true,"href":"https:\/\/www1.bunter-mariposa.com\/index.php?rest_route=%2Fwp%2Fv2%2Fcomments&post=79"}],"version-history":[{"count":5,"href":"https:\/\/www1.bunter-mariposa.com\/index.php?rest_route=\/wp\/v2\/pages\/79\/revisions"}],"predecessor-version":[{"id":399,"href":"https:\/\/www1.bunter-mariposa.com\/index.php?rest_route=\/wp\/v2\/pages\/79\/revisions\/399"}],"wp:attachment":[{"href":"https:\/\/www1.bunter-mariposa.com\/index.php?rest_route=%2Fwp%2Fv2%2Fmedia&parent=79"}],"curies":[{"name":"wp","href":"https:\/\/api.w.org\/{rel}","templated":true}]}}